{"id":1182,"date":"2025-05-14T19:57:48","date_gmt":"2025-05-14T19:57:48","guid":{"rendered":"https:\/\/terra-utopia.com\/?page_id=1182"},"modified":"2025-05-14T20:19:22","modified_gmt":"2025-05-14T20:19:22","slug":"imprint","status":"publish","type":"page","link":"https:\/\/terra-utopia.com\/de\/imprint\/","title":{"rendered":"Impressum"},"content":{"rendered":"<div data-elementor-type=\"wp-page\" data-elementor-id=\"1182\" class=\"elementor elementor-1182\" data-elementor-post-type=\"page\">\n\t\t\t\t<div class=\"elementor-element elementor-element-0d597d1 e-flex e-con-boxed e-con e-parent\" data-id=\"0d597d1\" data-element_type=\"container\" data-e-type=\"container\" data-settings=\"{&quot;background_background&quot;:&quot;classic&quot;}\">\n\t\t\t\t\t<div class=\"e-con-inner\">\n\t\t\t\t<div class=\"elementor-element elementor-element-5b15d33 elementor-widget elementor-widget-heading\" data-id=\"5b15d33\" data-element_type=\"widget\" data-e-type=\"widget\" data-widget_type=\"heading.default\">\n\t\t\t\t<div class=\"elementor-widget-container\">\n\t\t\t\t\t<h2 class=\"elementor-heading-title elementor-size-default\">Impressum<\/h2>\t\t\t\t<\/div>\n\t\t\t\t<\/div>\n\t\t\t\t\t<\/div>\n\t\t\t\t<\/div>\n\t\t<div class=\"elementor-element elementor-element-7342298 e-flex e-con-boxed e-con e-parent\" data-id=\"7342298\" data-element_type=\"container\" data-e-type=\"container\">\n\t\t\t\t\t<div class=\"e-con-inner\">\n\t\t\t\t<div class=\"elementor-element elementor-element-ecd66e9 elementor-widget elementor-widget-text-editor\" data-id=\"ecd66e9\" data-element_type=\"widget\" data-e-type=\"widget\" data-widget_type=\"text-editor.default\">\n\t\t\t\t<div class=\"elementor-widget-container\">\n\t\t\t\t\t\t\t\t\t<p><span style=\"font-weight: 400;\">Rechtliche Informationen gem\u00e4\u00df <\/span><span style=\"font-weight: 400;\">\u00a7 5 TMG (Germany)<\/span><span style=\"font-weight: 400;\">, einschlie\u00dflich GDPR.<\/span><\/p><p><span style=\"font-weight: 400;\">Betreiber der Website:<\/span><\/p><p><span style=\"font-weight: 400;\">Terra Utopia e. V.\u00a0<\/span><\/p><p><span style=\"font-weight: 400;\">Bruchstra\u00dfe 16 66119 Saarbr\u00fccken\u00a0<\/span><\/p>\t\t\t\t\t\t\t\t<\/div>\n\t\t\t\t<\/div>\n\t\t\t\t<div class=\"elementor-element elementor-element-f270e0d elementor-widget elementor-widget-heading\" data-id=\"f270e0d\" data-element_type=\"widget\" data-e-type=\"widget\" data-widget_type=\"heading.default\">\n\t\t\t\t<div class=\"elementor-widget-container\">\n\t\t\t\t\t<h2 class=\"elementor-heading-title elementor-size-default\">Kontakt\n<\/h2>\t\t\t\t<\/div>\n\t\t\t\t<\/div>\n\t\t\t\t<div class=\"elementor-element elementor-element-9f1ab5a elementor-widget elementor-widget-text-editor\" data-id=\"9f1ab5a\" data-element_type=\"widget\" data-e-type=\"widget\" data-widget_type=\"text-editor.default\">\n\t\t\t\t<div class=\"elementor-widget-container\">\n\t\t\t\t\t\t\t\t\t<p><span style=\"font-weight: 400;\">Telefon <\/span><span style=\"font-weight: 400;\">+49 (0) 1638736419\u00a0<\/span><\/p><p><span style=\"font-weight: 400;\">E-mail: admin@terra-utopia.com<\/span><\/p><p><span style=\"font-weight: 400;\">Website: www.terra-utopia.com<\/span><\/p><p><span style=\"font-weight: 400;\">Bitte schreiben Sie uns an <\/span><b>\u00a0<\/b><span style=\"font-weight: 400;\">admin@terra-utopia.com. Wir werden unser Bestes tun, um in Anbetracht unserer Kapazit\u00e4t als kleines Team ohne eigene Rechtsvertretung rechtzeitig zu antworten.<\/span><\/p>\t\t\t\t\t\t\t\t<\/div>\n\t\t\t\t<\/div>\n\t\t\t\t<div class=\"elementor-element elementor-element-9de5a2b elementor-widget elementor-widget-heading\" data-id=\"9de5a2b\" data-element_type=\"widget\" data-e-type=\"widget\" data-widget_type=\"heading.default\">\n\t\t\t\t<div class=\"elementor-widget-container\">\n\t\t\t\t\t<h2 class=\"elementor-heading-title elementor-size-default\">Bevollm\u00e4chtigter Vertreter\n\n<\/h2>\t\t\t\t<\/div>\n\t\t\t\t<\/div>\n\t\t\t\t<div class=\"elementor-element elementor-element-1cde830 elementor-widget elementor-widget-text-editor\" data-id=\"1cde830\" data-element_type=\"widget\" data-e-type=\"widget\" data-widget_type=\"text-editor.default\">\n\t\t\t\t<div class=\"elementor-widget-container\">\n\t\t\t\t\t\t\t\t\t<p><span style=\"font-weight: 400;\">Peter Rosinski<\/span><\/p><p><span style=\"font-weight: 400;\">Gesch\u00e4ftsf\u00fchrender Direktor<\/span><\/p>\t\t\t\t\t\t\t\t<\/div>\n\t\t\t\t<\/div>\n\t\t\t\t<div class=\"elementor-element elementor-element-217970e elementor-widget elementor-widget-heading\" data-id=\"217970e\" data-element_type=\"widget\" data-e-type=\"widget\" data-widget_type=\"heading.default\">\n\t\t\t\t<div class=\"elementor-widget-container\">\n\t\t\t\t\t<h2 class=\"elementor-heading-title elementor-size-default\">Gewerbliche Anmeldung\n\n\n<\/h2>\t\t\t\t<\/div>\n\t\t\t\t<\/div>\n\t\t\t\t<div class=\"elementor-element elementor-element-76adaa3 elementor-widget elementor-widget-text-editor\" data-id=\"76adaa3\" data-element_type=\"widget\" data-e-type=\"widget\" data-widget_type=\"text-editor.default\">\n\t\t\t\t<div class=\"elementor-widget-container\">\n\t\t\t\t\t\t\t\t\t<p><span style=\"font-weight: 400;\">Gewerbliche Anmeldung: 040\/140\/88291\u00a0<\/span><\/p><p><span style=\"font-weight: 400;\">Registrierungsnummer: VR 5715\u00a0<\/span><\/p><p><strong><em>Online-Streitbeilegung<\/em><\/strong><\/p><p><span style=\"font-weight: 400;\">In \u00dcbereinstimmung mit Art. 14 Abs. 1 der EU-Online-Streitbeilegungsverordnung (OS) stellen wir den folgenden Link zur Online-Streitbeilegungsplattform der Europ\u00e4ischen Kommission zur Verf\u00fcgung:<\/span><\/p><p><strong><a style=\"color: #1e90ff;\" href=\"https:\/\/ec.europa.eu\/consumers\/odr\/\">https:\/\/ec.europa.eu\/consumers\/odr\/<br \/><\/a><\/strong><br \/><span style=\"font-weight: 400;\">Wir sind nicht verpflichtet, an einem Streitbeilegungsverfahren vor einer Verbraucherschlichtungsstelle teilzunehmen. Wir werden jedoch von Fall zu Fall angemessene M\u00f6glichkeiten der informellen Streitbeilegung pr\u00fcfen.<\/span><\/p><p><em><strong>Verantwortung f\u00fcr den Inhalt<\/strong><\/em><\/p><p><span style=\"font-weight: 400;\">Wir haben die Inhalte dieser Website mit gr\u00f6\u00dftm\u00f6glicher Sorgfalt erstellt. F\u00fcr die Richtigkeit, Vollst\u00e4ndigkeit und Aktualit\u00e4t der Inhalte k\u00f6nnen wir jedoch keine Gew\u00e4hr \u00fcbernehmen. Als Diensteanbieter sind wir f\u00fcr eigene Inhalte auf diesen Seiten nach den allgemeinen Gesetzen verantwortlich (\u00a7 7 Abs.1 TMG). Wir sind jedoch nicht verpflichtet, \u00fcbermittelte oder gespeicherte fremde Informationen zu \u00fcberwachen oder nach Umst\u00e4nden zu forschen, die auf eine rechtswidrige T\u00e4tigkeit hinweisen (\u00a7 8-10 TMG). Bei Bekanntwerden von Rechtsverletzungen werden wir derartige Inhalte umgehend entfernen. Diese Website entspricht den geltenden Gesetzen der Europ\u00e4ischen Union, denen sie unterworfen ist. Im Falle von Rechtsstreitigkeiten sind die Gerichte der Europ\u00e4ischen Union zust\u00e4ndig, es sei denn, die zwingenden Rechtsvorschriften des Landes, in dem Sie Ihren Wohnsitz haben, sehen etwas anderes vor.<\/span><\/p>\t\t\t\t\t\t\t\t<\/div>\n\t\t\t\t<\/div>\n\t\t\t\t<div class=\"elementor-element elementor-element-223d237 elementor-widget elementor-widget-text-editor\" data-id=\"223d237\" data-element_type=\"widget\" data-e-type=\"widget\" data-widget_type=\"text-editor.default\">\n\t\t\t\t<div class=\"elementor-widget-container\">\n\t\t\t\t\t\t\t\t\t<p><em><strong>Haftung f\u00fcr Links<\/strong><\/em><\/p><p><span style=\"font-weight: 400;\">Unsere Website kann Links zu externen Websites Dritter enthalten. Obwohl wir diese Links zum Zeitpunkt der Verlinkung \u00fcberpr\u00fcfen, haben wir keine st\u00e4ndige Kontrolle \u00fcber den Inhalt dieser Seiten. Deshalb k\u00f6nnen wir f\u00fcr die Richtigkeit, Rechtm\u00e4\u00dfigkeit und Verf\u00fcgbarkeit dieser fremden Inhalte auch keine Gew\u00e4hr \u00fcbernehmen. F\u00fcr die Inhalte der verlinkten Seiten ist stets der jeweilige Anbieter oder Betreiber der Seiten verantwortlich. Die verlinkten Seiten wurden zum Zeitpunkt der Verlinkung auf m\u00f6gliche Rechtsverst\u00f6\u00dfe \u00fcberpr\u00fcft, rechtswidrige Inhalte waren zum Zeitpunkt der Verlinkung nicht erkennbar. Eine permanente inhaltliche Kontrolle der verlinkten Seiten ist jedoch ohne konkrete Anhaltspunkte einer Rechtsverletzung nicht zumutbar. Bei Bekanntwerden von Rechtsverletzungen werden wir derartige Links umgehend entfernen. Die Nutzung der verlinkten externen Seiten erfolgt auf eigene Gefahr.<\/span><\/p><p><em><strong>Urheberrechte<\/strong><\/em><\/p><p><span style=\"font-weight: 400;\">Die durch die Seitenbetreiber erstellten Inhalte und Werke auf diesen Seiten sind urheberrechtlich gesch\u00fctzt. Die Vervielf\u00e4ltigung, Bearbeitung, Verbreitung und jede Art der Verwertung au\u00dferhalb der Grenzen des Urheberrechtes bed\u00fcrfen der schriftlichen Zustimmung des jeweiligen Autors bzw. Erstellers. Downloads und Kopien dieser Seite sind nur f\u00fcr den privaten, nicht kommerziellen Gebrauch gestattet. Soweit die Inhalte auf dieser Seite nicht vom Betreiber erstellt wurden, werden die Urheberrechte Dritter beachtet. Insbesondere werden Inhalte Dritter als solche gekennzeichnet. Sollten Sie trotzdem auf eine Urheberrechtsverletzung aufmerksam werden, bitten wir um einen entsprechenden Hinweis. Bei Bekanntwerden von Rechtsverletzungen werden wir derartige Inhalte umgehend entfernen.<\/span><\/p><p><em><strong>Datenschutz<\/strong><\/em><\/p><p><span style=\"font-weight: 400;\">Weitere Informationen dar\u00fcber, wie wir mit Ihren pers\u00f6nlichen Daten umgehen, finden Sie in unserer Datenschutzerkl\u00e4rung.<\/span><\/p><p><span style=\"font-weight: 400;\">Wenn Sie von au\u00dferhalb der Europ\u00e4ischen Union auf diese Website zugreifen, sind Sie selbst daf\u00fcr verantwortlich, dass die in Ihrem Aufenthaltsort geltenden lokalen Gesetze eingehalten werden.<br \/><br \/><\/span><\/p><p><span style=\"font-weight: 400;\">Unsere Verarbeitung personenbezogener Daten steht im Einklang mit der Allgemeinen Datenschutzverordnung (GDPR) f\u00fcr EU-B\u00fcrger sowie gegebenenfalls mit anderen einschl\u00e4gigen lokalen Gesetzen.<\/span><\/p>\t\t\t\t\t\t\t\t<\/div>\n\t\t\t\t<\/div>\n\t\t\t\t\t<\/div>\n\t\t\t\t<\/div>\n\t\t\t\t<\/div>","protected":false},"excerpt":{"rendered":"<p>Imprint Legal information according to \u00a7 5 TMG (Germany), including GDPR. Website operator: Terra Utopia e. V.\u00a0 Bruchstra\u00dfe 16 66119 Saarbr\u00fccken\u00a0 Contact Phone: +49 (0) 1638736419\u00a0 E-mail: admin@terra-utopia.com Website: www.terra-utopia.com Please write to us at \u00a0admin@terra-utopia.com. We will do our best to respond in a timely manner, considering our capacity as a small team without [&hellip;]<\/p>\n","protected":false},"author":1,"featured_media":0,"parent":0,"menu_order":0,"comment_status":"closed","ping_status":"closed","template":"","meta":{"site-sidebar-layout":"no-sidebar","site-content-layout":"page-builder","ast-site-content-layout":"full-width-container","site-content-style":"default","site-sidebar-style":"default","ast-global-header-display":"","ast-banner-title-visibility":"","ast-main-header-display":"","ast-hfb-above-header-display":"","ast-hfb-below-header-display":"","ast-hfb-mobile-header-display":"","site-post-title":"disabled","ast-breadcrumbs-content":"","ast-featured-img":"disabled","footer-sml-layout":"","ast-disable-related-posts":"","theme-transparent-header-meta":"","adv-header-id-meta":"","stick-header-meta":"","header-above-stick-meta":"","header-main-stick-meta":"","header-below-stick-meta":"","astra-migrate-meta-layouts":"set","ast-page-background-enabled":"default","ast-page-background-meta":{"desktop":{"background-color":"","background-image":"","background-repeat":"repeat","background-position":"center center","background-size":"auto","background-attachment":"scroll","background-type":"","background-media":"","overlay-type":"","overlay-color":"","overlay-opacity":"","overlay-gradient":""},"tablet":{"background-color":"","background-image":"","background-repeat":"repeat","background-position":"center center","background-size":"auto","background-attachment":"scroll","background-type":"","background-media":"","overlay-type":"","overlay-color":"","overlay-opacity":"","overlay-gradient":""},"mobile":{"background-color":"","background-image":"","background-repeat":"repeat","background-position":"center center","background-size":"auto","background-attachment":"scroll","background-type":"","background-media":"","overlay-type":"","overlay-color":"","overlay-opacity":"","overlay-gradient":""}},"ast-content-background-meta":{"desktop":{"background-color":"var(--ast-global-color-5)","background-image":"","background-repeat":"repeat","background-position":"center center","background-size":"auto","background-attachment":"scroll","background-type":"","background-media":"","overlay-type":"","overlay-color":"","overlay-opacity":"","overlay-gradient":""},"tablet":{"background-color":"var(--ast-global-color-5)","background-image":"","background-repeat":"repeat","background-position":"center center","background-size":"auto","background-attachment":"scroll","background-type":"","background-media":"","overlay-type":"","overlay-color":"","overlay-opacity":"","overlay-gradient":""},"mobile":{"background-color":"var(--ast-global-color-5)","background-image":"","background-repeat":"repeat","background-position":"center center","background-size":"auto","background-attachment":"scroll","background-type":"","background-media":"","overlay-type":"","overlay-color":"","overlay-opacity":"","overlay-gradient":""}},"footnotes":""},"class_list":["post-1182","page","type-page","status-publish","hentry"],"yoast_head":"<!-- This site is optimized with the Yoast SEO plugin v27.3 - https:\/\/yoast.com\/product\/yoast-seo-wordpress\/ -->\n<title>Imprint - terra utopia<\/title>\n<meta name=\"robots\" content=\"index, follow, max-snippet:-1, max-image-preview:large, max-video-preview:-1\" \/>\n<link rel=\"canonical\" href=\"https:\/\/terra-utopia.com\/de\/imprint\/\" \/>\n<meta property=\"og:locale\" content=\"de_DE\" \/>\n<meta property=\"og:type\" content=\"article\" \/>\n<meta property=\"og:title\" content=\"Imprint - terra utopia\" \/>\n<meta property=\"og:description\" content=\"Imprint Legal information according to \u00a7 5 TMG (Germany), including GDPR. Website operator: Terra Utopia e. V.\u00a0 Bruchstra\u00dfe 16 66119 Saarbr\u00fccken\u00a0 Contact Phone: +49 (0) 1638736419\u00a0 E-mail: admin@terra-utopia.com Website: www.terra-utopia.com Please write to us at \u00a0admin@terra-utopia.com. We will do our best to respond in a timely manner, considering our capacity as a small team without [&hellip;]\" \/>\n<meta property=\"og:url\" content=\"https:\/\/terra-utopia.com\/de\/imprint\/\" \/>\n<meta property=\"og:site_name\" content=\"terra utopia\" \/>\n<meta property=\"article:publisher\" content=\"https:\/\/www.facebook.com\/terrautopiaev\/\" \/>\n<meta property=\"article:modified_time\" content=\"2025-05-14T20:19:22+00:00\" \/>\n<meta name=\"twitter:card\" content=\"summary_large_image\" \/>\n<meta name=\"twitter:label1\" content=\"Gesch\u00e4tzte Lesezeit\" \/>\n\t<meta name=\"twitter:data1\" content=\"3\u00a0Minuten\" \/>\n<script type=\"application\/ld+json\" class=\"yoast-schema-graph\">{\"@context\":\"https:\\\/\\\/schema.org\",\"@graph\":[{\"@type\":\"WebPage\",\"@id\":\"https:\\\/\\\/terra-utopia.com\\\/imprint\\\/\",\"url\":\"https:\\\/\\\/terra-utopia.com\\\/imprint\\\/\",\"name\":\"Imprint - terra utopia\",\"isPartOf\":{\"@id\":\"https:\\\/\\\/terra-utopia.com\\\/#website\"},\"datePublished\":\"2025-05-14T19:57:48+00:00\",\"dateModified\":\"2025-05-14T20:19:22+00:00\",\"breadcrumb\":{\"@id\":\"https:\\\/\\\/terra-utopia.com\\\/imprint\\\/#breadcrumb\"},\"inLanguage\":\"de\",\"potentialAction\":[{\"@type\":\"ReadAction\",\"target\":[\"https:\\\/\\\/terra-utopia.com\\\/imprint\\\/\"]}]},{\"@type\":\"BreadcrumbList\",\"@id\":\"https:\\\/\\\/terra-utopia.com\\\/imprint\\\/#breadcrumb\",\"itemListElement\":[{\"@type\":\"ListItem\",\"position\":1,\"name\":\"Portada\",\"item\":\"https:\\\/\\\/terra-utopia.com\\\/\"},{\"@type\":\"ListItem\",\"position\":2,\"name\":\"Imprint\"}]},{\"@type\":\"WebSite\",\"@id\":\"https:\\\/\\\/terra-utopia.com\\\/#website\",\"url\":\"https:\\\/\\\/terra-utopia.com\\\/\",\"name\":\"terra utopia\",\"description\":\"\",\"publisher\":{\"@id\":\"https:\\\/\\\/terra-utopia.com\\\/#organization\"},\"potentialAction\":[{\"@type\":\"SearchAction\",\"target\":{\"@type\":\"EntryPoint\",\"urlTemplate\":\"https:\\\/\\\/terra-utopia.com\\\/?s={search_term_string}\"},\"query-input\":{\"@type\":\"PropertyValueSpecification\",\"valueRequired\":true,\"valueName\":\"search_term_string\"}}],\"inLanguage\":\"de\"},{\"@type\":\"Organization\",\"@id\":\"https:\\\/\\\/terra-utopia.com\\\/#organization\",\"name\":\"terra utopia\",\"url\":\"https:\\\/\\\/terra-utopia.com\\\/\",\"logo\":{\"@type\":\"ImageObject\",\"inLanguage\":\"de\",\"@id\":\"https:\\\/\\\/terra-utopia.com\\\/#\\\/schema\\\/logo\\\/image\\\/\",\"url\":\"https:\\\/\\\/terra-utopia.com\\\/wp-content\\\/uploads\\\/2025\\\/04\\\/logo-negro-TU.png\",\"contentUrl\":\"https:\\\/\\\/terra-utopia.com\\\/wp-content\\\/uploads\\\/2025\\\/04\\\/logo-negro-TU.png\",\"width\":1751,\"height\":832,\"caption\":\"terra utopia\"},\"image\":{\"@id\":\"https:\\\/\\\/terra-utopia.com\\\/#\\\/schema\\\/logo\\\/image\\\/\"},\"sameAs\":[\"https:\\\/\\\/www.facebook.com\\\/terrautopiaev\\\/\",\"https:\\\/\\\/www.instagram.com\\\/terra_utopia\"]}]}<\/script>\n<!-- \/ Yoast SEO plugin. -->","yoast_head_json":{"title":"Imprint - terra utopia","robots":{"index":"index","follow":"follow","max-snippet":"max-snippet:-1","max-image-preview":"max-image-preview:large","max-video-preview":"max-video-preview:-1"},"canonical":"https:\/\/terra-utopia.com\/de\/imprint\/","og_locale":"de_DE","og_type":"article","og_title":"Imprint - terra utopia","og_description":"Imprint Legal information according to \u00a7 5 TMG (Germany), including GDPR. Website operator: Terra Utopia e. V.\u00a0 Bruchstra\u00dfe 16 66119 Saarbr\u00fccken\u00a0 Contact Phone: +49 (0) 1638736419\u00a0 E-mail: admin@terra-utopia.com Website: www.terra-utopia.com Please write to us at \u00a0admin@terra-utopia.com. We will do our best to respond in a timely manner, considering our capacity as a small team without [&hellip;]","og_url":"https:\/\/terra-utopia.com\/de\/imprint\/","og_site_name":"terra utopia","article_publisher":"https:\/\/www.facebook.com\/terrautopiaev\/","article_modified_time":"2025-05-14T20:19:22+00:00","twitter_card":"summary_large_image","twitter_misc":{"Gesch\u00e4tzte Lesezeit":"3\u00a0Minuten"},"schema":{"@context":"https:\/\/schema.org","@graph":[{"@type":"WebPage","@id":"https:\/\/terra-utopia.com\/imprint\/","url":"https:\/\/terra-utopia.com\/imprint\/","name":"Imprint - terra utopia","isPartOf":{"@id":"https:\/\/terra-utopia.com\/#website"},"datePublished":"2025-05-14T19:57:48+00:00","dateModified":"2025-05-14T20:19:22+00:00","breadcrumb":{"@id":"https:\/\/terra-utopia.com\/imprint\/#breadcrumb"},"inLanguage":"de","potentialAction":[{"@type":"ReadAction","target":["https:\/\/terra-utopia.com\/imprint\/"]}]},{"@type":"BreadcrumbList","@id":"https:\/\/terra-utopia.com\/imprint\/#breadcrumb","itemListElement":[{"@type":"ListItem","position":1,"name":"Portada","item":"https:\/\/terra-utopia.com\/"},{"@type":"ListItem","position":2,"name":"Imprint"}]},{"@type":"WebSite","@id":"https:\/\/terra-utopia.com\/#website","url":"https:\/\/terra-utopia.com\/","name":"terra utopia","description":"","publisher":{"@id":"https:\/\/terra-utopia.com\/#organization"},"potentialAction":[{"@type":"SearchAction","target":{"@type":"EntryPoint","urlTemplate":"https:\/\/terra-utopia.com\/?s={search_term_string}"},"query-input":{"@type":"PropertyValueSpecification","valueRequired":true,"valueName":"search_term_string"}}],"inLanguage":"de"},{"@type":"Organization","@id":"https:\/\/terra-utopia.com\/#organization","name":"terra utopia","url":"https:\/\/terra-utopia.com\/","logo":{"@type":"ImageObject","inLanguage":"de","@id":"https:\/\/terra-utopia.com\/#\/schema\/logo\/image\/","url":"https:\/\/terra-utopia.com\/wp-content\/uploads\/2025\/04\/logo-negro-TU.png","contentUrl":"https:\/\/terra-utopia.com\/wp-content\/uploads\/2025\/04\/logo-negro-TU.png","width":1751,"height":832,"caption":"terra utopia"},"image":{"@id":"https:\/\/terra-utopia.com\/#\/schema\/logo\/image\/"},"sameAs":["https:\/\/www.facebook.com\/terrautopiaev\/","https:\/\/www.instagram.com\/terra_utopia"]}]}},"_links":{"self":[{"href":"https:\/\/terra-utopia.com\/de\/wp-json\/wp\/v2\/pages\/1182","targetHints":{"allow":["GET"]}}],"collection":[{"href":"https:\/\/terra-utopia.com\/de\/wp-json\/wp\/v2\/pages"}],"about":[{"href":"https:\/\/terra-utopia.com\/de\/wp-json\/wp\/v2\/types\/page"}],"author":[{"embeddable":true,"href":"https:\/\/terra-utopia.com\/de\/wp-json\/wp\/v2\/users\/1"}],"replies":[{"embeddable":true,"href":"https:\/\/terra-utopia.com\/de\/wp-json\/wp\/v2\/comments?post=1182"}],"version-history":[{"count":34,"href":"https:\/\/terra-utopia.com\/de\/wp-json\/wp\/v2\/pages\/1182\/revisions"}],"predecessor-version":[{"id":1217,"href":"https:\/\/terra-utopia.com\/de\/wp-json\/wp\/v2\/pages\/1182\/revisions\/1217"}],"wp:attachment":[{"href":"https:\/\/terra-utopia.com\/de\/wp-json\/wp\/v2\/media?parent=1182"}],"curies":[{"name":"wp","href":"https:\/\/api.w.org\/{rel}","templated":true}]}}