{"id":655,"date":"2025-04-22T14:46:18","date_gmt":"2025-04-22T14:46:18","guid":{"rendered":"https:\/\/terra-utopia.com\/?page_id=655"},"modified":"2025-05-28T13:20:24","modified_gmt":"2025-05-28T13:20:24","slug":"membership","status":"publish","type":"page","link":"https:\/\/terra-utopia.com\/de\/membership\/","title":{"rendered":"MITGLIEDSCHAFT"},"content":{"rendered":"<div data-elementor-type=\"wp-page\" data-elementor-id=\"655\" class=\"elementor elementor-655\" data-elementor-post-type=\"page\">\n\t\t\t\t<div class=\"elementor-element elementor-element-05cbfdb e-flex e-con-boxed e-con e-parent\" data-id=\"05cbfdb\" data-element_type=\"container\" data-e-type=\"container\" data-settings=\"{&quot;background_background&quot;:&quot;classic&quot;}\">\n\t\t\t\t\t<div class=\"e-con-inner\">\n\t\t<div class=\"elementor-element elementor-element-7f6f2a0 e-con-full e-flex e-con e-child\" data-id=\"7f6f2a0\" data-element_type=\"container\" data-e-type=\"container\">\n\t\t\t\t<div class=\"elementor-element elementor-element-7f2f00d elementor-widget elementor-widget-heading\" data-id=\"7f2f00d\" data-element_type=\"widget\" data-e-type=\"widget\" data-widget_type=\"heading.default\">\n\t\t\t\t<div class=\"elementor-widget-container\">\n\t\t\t\t\t<h5 class=\"elementor-heading-title elementor-size-default\">WERDEN SIE TEIL VON TERRA UTOPIA: WERDEN SIE MITGLIED UNSERER GEMEINSCHAFT\n<\/h5>\t\t\t\t<\/div>\n\t\t\t\t<\/div>\n\t\t\t\t<div class=\"elementor-element elementor-element-c9b76ba elementor-widget elementor-widget-text-editor\" data-id=\"c9b76ba\" data-element_type=\"widget\" data-e-type=\"widget\" data-widget_type=\"text-editor.default\">\n\t\t\t\t<div class=\"elementor-widget-container\">\n\t\t\t\t\t\t\t\t\t<p><span style=\"font-weight: 400;\">Wenn Sie an eine Welt glauben, in der Mensch und Natur in Harmonie leben, ist diese Mitgliedschaft genau das Richtige f\u00fcr Sie! Mit Ihrer Mitgliedschaft bei terra utopia unterst\u00fctzen Sie Projekte, die wirklich etwas bewirken - von der Wiederaufforstung \u00fcber die Sanierung von \u00d6kosystemen bis hin zum Bau nachhaltiger Alternativen.<\/span><\/p>\t\t\t\t\t\t\t\t<\/div>\n\t\t\t\t<\/div>\n\t\t\t\t<\/div>\n\t\t\t\t\t<\/div>\n\t\t\t\t<\/div>\n\t\t<div class=\"elementor-element elementor-element-a020336 e-flex e-con-boxed e-con e-parent\" data-id=\"a020336\" data-element_type=\"container\" data-e-type=\"container\">\n\t\t\t\t\t<div class=\"e-con-inner\">\n\t\t\t\t<div class=\"elementor-element elementor-element-b4dfce0 elementor-widget elementor-widget-text-editor\" data-id=\"b4dfce0\" data-element_type=\"widget\" data-e-type=\"widget\" data-widget_type=\"text-editor.default\">\n\t\t\t\t<div class=\"elementor-widget-container\">\n\t\t\t\t\t\t\t\t\t<p><span style=\"font-weight: 400;\">Als Mitglied haben Sie die M\u00f6glichkeit:<\/span><\/p><ul><li style=\"font-weight: 400;\" aria-level=\"1\"><span style=\"font-weight: 400;\">Tragen Sie direkt zu unseren Projekten bei.<\/span><\/li><li style=\"font-weight: 400;\" aria-level=\"1\"><span style=\"font-weight: 400;\">Beteiligen Sie sich an Entscheidungen \u00fcber k\u00fcnftige Initiativen.<\/span><\/li><li style=\"font-weight: 400;\" aria-level=\"1\"><span style=\"font-weight: 400;\">Nehmen Sie an freiwilligen und exklusiven Aktivit\u00e4ten teil.<\/span><\/li><li style=\"font-weight: 400;\" aria-level=\"1\"><span style=\"font-weight: 400;\">Helfen Sie mit, unsere Botschaft zu verbreiten und mehr Menschen f\u00fcr die Sache zu gewinnen.<br \/><br \/><\/span><\/li><\/ul>\t\t\t\t\t\t\t\t<\/div>\n\t\t\t\t<\/div>\n\t\t\t\t<div class=\"elementor-element elementor-element-ad91014 elementor-widget elementor-widget-text-editor\" data-id=\"ad91014\" data-element_type=\"widget\" data-e-type=\"widget\" data-widget_type=\"text-editor.default\">\n\t\t\t\t<div class=\"elementor-widget-container\">\n\t\t\t\t\t\t\t\t\t<p>F\u00fcllen Sie das Formular aus und treten Sie noch heute bei, lassen Sie uns den Wandel m\u00f6glich machen!<\/p>\t\t\t\t\t\t\t\t<\/div>\n\t\t\t\t<\/div>\n\t\t\t\t\t<\/div>\n\t\t\t\t<\/div>\n\t\t<div class=\"elementor-element elementor-element-2be5eed e-flex e-con-boxed e-con e-parent\" data-id=\"2be5eed\" data-element_type=\"container\" data-e-type=\"container\">\n\t\t\t\t\t<div class=\"e-con-inner\">\n\t\t\t\t<div class=\"elementor-element elementor-element-9dbd17d elementor-widget elementor-widget-html\" data-id=\"9dbd17d\" data-element_type=\"widget\" data-e-type=\"widget\" data-widget_type=\"html.default\">\n\t\t\t\t<div class=\"elementor-widget-container\">\n\t\t\t\t\t<iframe \r\n  src=\"https:\/\/terrautopia.webling.eu\/forms\/memberform\/66892e52b0566b063253\" \r\n  width=\"100%\" \r\n  height=\"1800\" \r\n  style=\"border: none;\" \r\n  loading=\"lazy\">\r\n<\/iframe>\r\n\r\n\t\t\t\t<\/div>\n\t\t\t\t<\/div>\n\t\t\t\t\t<\/div>\n\t\t\t\t<\/div>\n\t\t\t\t<\/div>","protected":false},"excerpt":{"rendered":"<p>BE PART OF TERRA UTOPIA: JOIN OUR COMMUNITY If you believe in a world where humans and nature live in harmony, this membership is for you! By joining terra utopia, you&#8217;ll be supporting projects that make a real impact, from reforestation and ecosystem cleanup to the construction of sustainable alternatives. As a member, you will [&hellip;]<\/p>\n","protected":false},"author":1,"featured_media":0,"parent":0,"menu_order":0,"comment_status":"closed","ping_status":"closed","template":"elementor_header_footer","meta":{"site-sidebar-layout":"no-sidebar","site-content-layout":"page-builder","ast-site-content-layout":"full-width-container","site-content-style":"default","site-sidebar-style":"default","ast-global-header-display":"","ast-banner-title-visibility":"","ast-main-header-display":"","ast-hfb-above-header-display":"","ast-hfb-below-header-display":"","ast-hfb-mobile-header-display":"","site-post-title":"disabled","ast-breadcrumbs-content":"","ast-featured-img":"disabled","footer-sml-layout":"","ast-disable-related-posts":"","theme-transparent-header-meta":"","adv-header-id-meta":"","stick-header-meta":"","header-above-stick-meta":"","header-main-stick-meta":"","header-below-stick-meta":"","astra-migrate-meta-layouts":"set","ast-page-background-enabled":"default","ast-page-background-meta":{"desktop":{"background-color":"","background-image":"","background-repeat":"repeat","background-position":"center center","background-size":"auto","background-attachment":"scroll","background-type":"","background-media":"","overlay-type":"","overlay-color":"","overlay-opacity":"","overlay-gradient":""},"tablet":{"background-color":"","background-image":"","background-repeat":"repeat","background-position":"center center","background-size":"auto","background-attachment":"scroll","background-type":"","background-media":"","overlay-type":"","overlay-color":"","overlay-opacity":"","overlay-gradient":""},"mobile":{"background-color":"","background-image":"","background-repeat":"repeat","background-position":"center center","background-size":"auto","background-attachment":"scroll","background-type":"","background-media":"","overlay-type":"","overlay-color":"","overlay-opacity":"","overlay-gradient":""}},"ast-content-background-meta":{"desktop":{"background-color":"var(--ast-global-color-5)","background-image":"","background-repeat":"repeat","background-position":"center center","background-size":"auto","background-attachment":"scroll","background-type":"","background-media":"","overlay-type":"","overlay-color":"","overlay-opacity":"","overlay-gradient":""},"tablet":{"background-color":"var(--ast-global-color-5)","background-image":"","background-repeat":"repeat","background-position":"center center","background-size":"auto","background-attachment":"scroll","background-type":"","background-media":"","overlay-type":"","overlay-color":"","overlay-opacity":"","overlay-gradient":""},"mobile":{"background-color":"var(--ast-global-color-5)","background-image":"","background-repeat":"repeat","background-position":"center center","background-size":"auto","background-attachment":"scroll","background-type":"","background-media":"","overlay-type":"","overlay-color":"","overlay-opacity":"","overlay-gradient":""}},"footnotes":""},"class_list":["post-655","page","type-page","status-publish","hentry"],"yoast_head":"<!-- This site is optimized with the Yoast SEO plugin v27.3 - https:\/\/yoast.com\/product\/yoast-seo-wordpress\/ -->\n<title>MEMBERSHIP - terra utopia<\/title>\n<meta name=\"robots\" content=\"index, follow, max-snippet:-1, max-image-preview:large, max-video-preview:-1\" \/>\n<link rel=\"canonical\" href=\"https:\/\/terra-utopia.com\/de\/membership\/\" \/>\n<meta property=\"og:locale\" content=\"de_DE\" \/>\n<meta property=\"og:type\" content=\"article\" \/>\n<meta property=\"og:title\" content=\"MEMBERSHIP - terra utopia\" \/>\n<meta property=\"og:description\" content=\"BE PART OF TERRA UTOPIA: JOIN OUR COMMUNITY If you believe in a world where humans and nature live in harmony, this membership is for you! By joining terra utopia, you&#8217;ll be supporting projects that make a real impact, from reforestation and ecosystem cleanup to the construction of sustainable alternatives. As a member, you will [&hellip;]\" \/>\n<meta property=\"og:url\" content=\"https:\/\/terra-utopia.com\/de\/membership\/\" \/>\n<meta property=\"og:site_name\" content=\"terra utopia\" \/>\n<meta property=\"article:publisher\" content=\"https:\/\/www.facebook.com\/terrautopiaev\/\" \/>\n<meta property=\"article:modified_time\" content=\"2025-05-28T13:20:24+00:00\" \/>\n<meta name=\"twitter:card\" content=\"summary_large_image\" \/>\n<meta name=\"twitter:label1\" content=\"Gesch\u00e4tzte Lesezeit\" \/>\n\t<meta name=\"twitter:data1\" content=\"1\u00a0Minute\" \/>\n<script type=\"application\/ld+json\" class=\"yoast-schema-graph\">{\"@context\":\"https:\\\/\\\/schema.org\",\"@graph\":[{\"@type\":\"WebPage\",\"@id\":\"https:\\\/\\\/terra-utopia.com\\\/membership\\\/\",\"url\":\"https:\\\/\\\/terra-utopia.com\\\/membership\\\/\",\"name\":\"MEMBERSHIP - terra utopia\",\"isPartOf\":{\"@id\":\"https:\\\/\\\/terra-utopia.com\\\/#website\"},\"datePublished\":\"2025-04-22T14:46:18+00:00\",\"dateModified\":\"2025-05-28T13:20:24+00:00\",\"breadcrumb\":{\"@id\":\"https:\\\/\\\/terra-utopia.com\\\/membership\\\/#breadcrumb\"},\"inLanguage\":\"de\",\"potentialAction\":[{\"@type\":\"ReadAction\",\"target\":[\"https:\\\/\\\/terra-utopia.com\\\/membership\\\/\"]}]},{\"@type\":\"BreadcrumbList\",\"@id\":\"https:\\\/\\\/terra-utopia.com\\\/membership\\\/#breadcrumb\",\"itemListElement\":[{\"@type\":\"ListItem\",\"position\":1,\"name\":\"Portada\",\"item\":\"https:\\\/\\\/terra-utopia.com\\\/\"},{\"@type\":\"ListItem\",\"position\":2,\"name\":\"MEMBERSHIP\"}]},{\"@type\":\"WebSite\",\"@id\":\"https:\\\/\\\/terra-utopia.com\\\/#website\",\"url\":\"https:\\\/\\\/terra-utopia.com\\\/\",\"name\":\"terra utopia\",\"description\":\"\",\"publisher\":{\"@id\":\"https:\\\/\\\/terra-utopia.com\\\/#organization\"},\"potentialAction\":[{\"@type\":\"SearchAction\",\"target\":{\"@type\":\"EntryPoint\",\"urlTemplate\":\"https:\\\/\\\/terra-utopia.com\\\/?s={search_term_string}\"},\"query-input\":{\"@type\":\"PropertyValueSpecification\",\"valueRequired\":true,\"valueName\":\"search_term_string\"}}],\"inLanguage\":\"de\"},{\"@type\":\"Organization\",\"@id\":\"https:\\\/\\\/terra-utopia.com\\\/#organization\",\"name\":\"terra utopia\",\"url\":\"https:\\\/\\\/terra-utopia.com\\\/\",\"logo\":{\"@type\":\"ImageObject\",\"inLanguage\":\"de\",\"@id\":\"https:\\\/\\\/terra-utopia.com\\\/#\\\/schema\\\/logo\\\/image\\\/\",\"url\":\"https:\\\/\\\/terra-utopia.com\\\/wp-content\\\/uploads\\\/2025\\\/04\\\/logo-negro-TU.png\",\"contentUrl\":\"https:\\\/\\\/terra-utopia.com\\\/wp-content\\\/uploads\\\/2025\\\/04\\\/logo-negro-TU.png\",\"width\":1751,\"height\":832,\"caption\":\"terra utopia\"},\"image\":{\"@id\":\"https:\\\/\\\/terra-utopia.com\\\/#\\\/schema\\\/logo\\\/image\\\/\"},\"sameAs\":[\"https:\\\/\\\/www.facebook.com\\\/terrautopiaev\\\/\",\"https:\\\/\\\/www.instagram.com\\\/terra_utopia\"]}]}<\/script>\n<!-- \/ Yoast SEO plugin. -->","yoast_head_json":{"title":"MEMBERSHIP - terra utopia","robots":{"index":"index","follow":"follow","max-snippet":"max-snippet:-1","max-image-preview":"max-image-preview:large","max-video-preview":"max-video-preview:-1"},"canonical":"https:\/\/terra-utopia.com\/de\/membership\/","og_locale":"de_DE","og_type":"article","og_title":"MEMBERSHIP - terra utopia","og_description":"BE PART OF TERRA UTOPIA: JOIN OUR COMMUNITY If you believe in a world where humans and nature live in harmony, this membership is for you! By joining terra utopia, you&#8217;ll be supporting projects that make a real impact, from reforestation and ecosystem cleanup to the construction of sustainable alternatives. As a member, you will [&hellip;]","og_url":"https:\/\/terra-utopia.com\/de\/membership\/","og_site_name":"terra utopia","article_publisher":"https:\/\/www.facebook.com\/terrautopiaev\/","article_modified_time":"2025-05-28T13:20:24+00:00","twitter_card":"summary_large_image","twitter_misc":{"Gesch\u00e4tzte Lesezeit":"1\u00a0Minute"},"schema":{"@context":"https:\/\/schema.org","@graph":[{"@type":"WebPage","@id":"https:\/\/terra-utopia.com\/membership\/","url":"https:\/\/terra-utopia.com\/membership\/","name":"MEMBERSHIP - terra utopia","isPartOf":{"@id":"https:\/\/terra-utopia.com\/#website"},"datePublished":"2025-04-22T14:46:18+00:00","dateModified":"2025-05-28T13:20:24+00:00","breadcrumb":{"@id":"https:\/\/terra-utopia.com\/membership\/#breadcrumb"},"inLanguage":"de","potentialAction":[{"@type":"ReadAction","target":["https:\/\/terra-utopia.com\/membership\/"]}]},{"@type":"BreadcrumbList","@id":"https:\/\/terra-utopia.com\/membership\/#breadcrumb","itemListElement":[{"@type":"ListItem","position":1,"name":"Portada","item":"https:\/\/terra-utopia.com\/"},{"@type":"ListItem","position":2,"name":"MEMBERSHIP"}]},{"@type":"WebSite","@id":"https:\/\/terra-utopia.com\/#website","url":"https:\/\/terra-utopia.com\/","name":"terra utopia","description":"","publisher":{"@id":"https:\/\/terra-utopia.com\/#organization"},"potentialAction":[{"@type":"SearchAction","target":{"@type":"EntryPoint","urlTemplate":"https:\/\/terra-utopia.com\/?s={search_term_string}"},"query-input":{"@type":"PropertyValueSpecification","valueRequired":true,"valueName":"search_term_string"}}],"inLanguage":"de"},{"@type":"Organization","@id":"https:\/\/terra-utopia.com\/#organization","name":"terra utopia","url":"https:\/\/terra-utopia.com\/","logo":{"@type":"ImageObject","inLanguage":"de","@id":"https:\/\/terra-utopia.com\/#\/schema\/logo\/image\/","url":"https:\/\/terra-utopia.com\/wp-content\/uploads\/2025\/04\/logo-negro-TU.png","contentUrl":"https:\/\/terra-utopia.com\/wp-content\/uploads\/2025\/04\/logo-negro-TU.png","width":1751,"height":832,"caption":"terra utopia"},"image":{"@id":"https:\/\/terra-utopia.com\/#\/schema\/logo\/image\/"},"sameAs":["https:\/\/www.facebook.com\/terrautopiaev\/","https:\/\/www.instagram.com\/terra_utopia"]}]}},"_links":{"self":[{"href":"https:\/\/terra-utopia.com\/de\/wp-json\/wp\/v2\/pages\/655","targetHints":{"allow":["GET"]}}],"collection":[{"href":"https:\/\/terra-utopia.com\/de\/wp-json\/wp\/v2\/pages"}],"about":[{"href":"https:\/\/terra-utopia.com\/de\/wp-json\/wp\/v2\/types\/page"}],"author":[{"embeddable":true,"href":"https:\/\/terra-utopia.com\/de\/wp-json\/wp\/v2\/users\/1"}],"replies":[{"embeddable":true,"href":"https:\/\/terra-utopia.com\/de\/wp-json\/wp\/v2\/comments?post=655"}],"version-history":[{"count":34,"href":"https:\/\/terra-utopia.com\/de\/wp-json\/wp\/v2\/pages\/655\/revisions"}],"predecessor-version":[{"id":1808,"href":"https:\/\/terra-utopia.com\/de\/wp-json\/wp\/v2\/pages\/655\/revisions\/1808"}],"wp:attachment":[{"href":"https:\/\/terra-utopia.com\/de\/wp-json\/wp\/v2\/media?parent=655"}],"curies":[{"name":"wp","href":"https:\/\/api.w.org\/{rel}","templated":true}]}}