{"id":1182,"date":"2025-05-14T19:57:48","date_gmt":"2025-05-14T19:57:48","guid":{"rendered":"https:\/\/terra-utopia.com\/?page_id=1182"},"modified":"2025-05-14T20:19:22","modified_gmt":"2025-05-14T20:19:22","slug":"imprint","status":"publish","type":"page","link":"https:\/\/terra-utopia.com\/es\/imprint\/","title":{"rendered":"Pie de imprenta"},"content":{"rendered":"<div data-elementor-type=\"wp-page\" data-elementor-id=\"1182\" class=\"elementor elementor-1182\" data-elementor-post-type=\"page\">\n\t\t\t\t<div class=\"elementor-element elementor-element-0d597d1 e-flex e-con-boxed e-con e-parent\" data-id=\"0d597d1\" data-element_type=\"container\" data-e-type=\"container\" data-settings=\"{&quot;background_background&quot;:&quot;classic&quot;}\">\n\t\t\t\t\t<div class=\"e-con-inner\">\n\t\t\t\t<div class=\"elementor-element elementor-element-5b15d33 elementor-widget elementor-widget-heading\" data-id=\"5b15d33\" data-element_type=\"widget\" data-e-type=\"widget\" data-widget_type=\"heading.default\">\n\t\t\t\t<div class=\"elementor-widget-container\">\n\t\t\t\t\t<h2 class=\"elementor-heading-title elementor-size-default\">Pie de imprenta<\/h2>\t\t\t\t<\/div>\n\t\t\t\t<\/div>\n\t\t\t\t\t<\/div>\n\t\t\t\t<\/div>\n\t\t<div class=\"elementor-element elementor-element-7342298 e-flex e-con-boxed e-con e-parent\" data-id=\"7342298\" data-element_type=\"container\" data-e-type=\"container\">\n\t\t\t\t\t<div class=\"e-con-inner\">\n\t\t\t\t<div class=\"elementor-element elementor-element-ecd66e9 elementor-widget elementor-widget-text-editor\" data-id=\"ecd66e9\" data-element_type=\"widget\" data-e-type=\"widget\" data-widget_type=\"text-editor.default\">\n\t\t\t\t<div class=\"elementor-widget-container\">\n\t\t\t\t\t\t\t\t\t<p><span style=\"font-weight: 400;\">Informaci\u00f3n jur\u00eddica seg\u00fan <\/span><span style=\"font-weight: 400;\">\u00a7 5 TMG (Alemania)<\/span><span style=\"font-weight: 400;\">incluido el GDPR.<\/span><\/p><p><span style=\"font-weight: 400;\">Operador del sitio web:<\/span><\/p><p><span style=\"font-weight: 400;\">Terra Utopia e. V.\u00a0<\/span><\/p><p><span style=\"font-weight: 400;\">Bruchstra\u00dfe 16 66119 Saarbr\u00fccken\u00a0<\/span><\/p>\t\t\t\t\t\t\t\t<\/div>\n\t\t\t\t<\/div>\n\t\t\t\t<div class=\"elementor-element elementor-element-f270e0d elementor-widget elementor-widget-heading\" data-id=\"f270e0d\" data-element_type=\"widget\" data-e-type=\"widget\" data-widget_type=\"heading.default\">\n\t\t\t\t<div class=\"elementor-widget-container\">\n\t\t\t\t\t<h2 class=\"elementor-heading-title elementor-size-default\">Contacto\n<\/h2>\t\t\t\t<\/div>\n\t\t\t\t<\/div>\n\t\t\t\t<div class=\"elementor-element elementor-element-9f1ab5a elementor-widget elementor-widget-text-editor\" data-id=\"9f1ab5a\" data-element_type=\"widget\" data-e-type=\"widget\" data-widget_type=\"text-editor.default\">\n\t\t\t\t<div class=\"elementor-widget-container\">\n\t\t\t\t\t\t\t\t\t<p><span style=\"font-weight: 400;\">Tel\u00e9fono <\/span><span style=\"font-weight: 400;\">+49 (0) 1638736419\u00a0<\/span><\/p><p><span style=\"font-weight: 400;\">E-mail: admin@terra-utopia.com<\/span><\/p><p><span style=\"font-weight: 400;\">Sitio Web:<\/span><\/p><p><span style=\"font-weight: 400;\">Escr\u00edbanos a <\/span><b>\u00a0<\/b><span style=\"font-weight: 400;\">admin@terra-utopia.com. Haremos todo lo posible por responder a tiempo, teniendo en cuenta nuestra capacidad como peque\u00f1o equipo sin representaci\u00f3n jur\u00eddica interna.<\/span><\/p>\t\t\t\t\t\t\t\t<\/div>\n\t\t\t\t<\/div>\n\t\t\t\t<div class=\"elementor-element elementor-element-9de5a2b elementor-widget elementor-widget-heading\" data-id=\"9de5a2b\" data-element_type=\"widget\" data-e-type=\"widget\" data-widget_type=\"heading.default\">\n\t\t\t\t<div class=\"elementor-widget-container\">\n\t\t\t\t\t<h2 class=\"elementor-heading-title elementor-size-default\">Representante autorizado\n\n<\/h2>\t\t\t\t<\/div>\n\t\t\t\t<\/div>\n\t\t\t\t<div class=\"elementor-element elementor-element-1cde830 elementor-widget elementor-widget-text-editor\" data-id=\"1cde830\" data-element_type=\"widget\" data-e-type=\"widget\" data-widget_type=\"text-editor.default\">\n\t\t\t\t<div class=\"elementor-widget-container\">\n\t\t\t\t\t\t\t\t\t<p><span style=\"font-weight: 400;\">Peter Rosinski<\/span><\/p><p><span style=\"font-weight: 400;\">Director General<\/span><\/p>\t\t\t\t\t\t\t\t<\/div>\n\t\t\t\t<\/div>\n\t\t\t\t<div class=\"elementor-element elementor-element-217970e elementor-widget elementor-widget-heading\" data-id=\"217970e\" data-element_type=\"widget\" data-e-type=\"widget\" data-widget_type=\"heading.default\">\n\t\t\t\t<div class=\"elementor-widget-container\">\n\t\t\t\t\t<h2 class=\"elementor-heading-title elementor-size-default\">Registro comercial\n\n\n<\/h2>\t\t\t\t<\/div>\n\t\t\t\t<\/div>\n\t\t\t\t<div class=\"elementor-element elementor-element-76adaa3 elementor-widget elementor-widget-text-editor\" data-id=\"76adaa3\" data-element_type=\"widget\" data-e-type=\"widget\" data-widget_type=\"text-editor.default\">\n\t\t\t\t<div class=\"elementor-widget-container\">\n\t\t\t\t\t\t\t\t\t<p><span style=\"font-weight: 400;\">Registro comercial: 040\/140\/88291\u00a0<\/span><\/p><p><span style=\"font-weight: 400;\">Registro n\u00famero: VR 5715\u00a0<\/span><\/p><p><strong><em>Resoluci\u00f3n de litigios en l\u00ednea<\/em><\/strong><\/p><p><span style=\"font-weight: 400;\">De conformidad con el Art. 14, apartado 1, del Reglamento sobre resoluci\u00f3n de litigios en l\u00ednea (RLL) de la UE, facilitamos el siguiente enlace a la plataforma de resoluci\u00f3n de litigios en l\u00ednea de la Comisi\u00f3n Europea:<\/span><\/p><p><strong><a style=\"color: #1e90ff;\" href=\"https:\/\/ec.europa.eu\/consumers\/odr\/\">https:\/\/ec.europa.eu\/consumers\/odr\/<br \/><\/a><\/strong><br \/><span style=\"font-weight: 400;\">No estamos obligados a participar en un procedimiento de resoluci\u00f3n de litigios ante una junta arbitral de consumo. Sin embargo, consideraremos opciones informales razonables de resoluci\u00f3n de conflictos caso por caso.<\/span><\/p><p><em><strong>Responsabilidad del contenido<\/strong><\/em><\/p><p><span style=\"font-weight: 400;\">Hemos creado el contenido de este sitio web con el m\u00e1ximo cuidado. Sin embargo, no podemos garantizar la exactitud, integridad o actualidad de la informaci\u00f3n proporcionada. Como proveedor de servicios, somos responsables de nuestros propios contenidos en estas p\u00e1ginas de acuerdo con las leyes generales (\u00a7 7 Abs.1 TMG). Sin embargo, no estamos obligados a controlar la informaci\u00f3n transmitida o almacenada por terceros ni a investigar circunstancias que indiquen actividades ilegales (\u00a7 8-10 TMG). En caso de tener conocimiento de infracciones legales, eliminaremos dichos contenidos inmediatamente. Este sitio web cumple la legislaci\u00f3n aplicable de la Uni\u00f3n Europea, bajo la cual est\u00e1 regulado. En caso de disputas legales, \u00e9stas se resolver\u00e1n bajo la jurisdicci\u00f3n de los tribunales de la Uni\u00f3n Europea, a menos que las leyes obligatorias de su pa\u00eds de residencia dispongan otra cosa.<\/span><\/p>\t\t\t\t\t\t\t\t<\/div>\n\t\t\t\t<\/div>\n\t\t\t\t<div class=\"elementor-element elementor-element-223d237 elementor-widget elementor-widget-text-editor\" data-id=\"223d237\" data-element_type=\"widget\" data-e-type=\"widget\" data-widget_type=\"text-editor.default\">\n\t\t\t\t<div class=\"elementor-widget-container\">\n\t\t\t\t\t\t\t\t\t<p><em><strong>Responsabilidad de los enlaces<\/strong><\/em><\/p><p><span style=\"font-weight: 400;\">Nuestro sitio web puede contener enlaces a sitios externos de terceros. Aunque verificamos estos enlaces en el momento de enlazarlos, no tenemos ning\u00fan control continuo sobre el contenido de dichos sitios. Por lo tanto, declinamos toda responsabilidad relacionada con la exactitud, legalidad o disponibilidad de los contenidos de terceros. El proveedor u operador de los sitios enlazados es siempre responsable de su contenido. Comprobamos los enlaces externos para detectar posibles infracciones legales en el momento de enlazarlos y no se detect\u00f3 ning\u00fan contenido ilegal en ese momento. Sin embargo, no es razonable controlar permanentemente el contenido de las p\u00e1ginas enlazadas sin pruebas concretas de una infracci\u00f3n. En caso de que tengamos conocimiento de infracciones legales, retiraremos inmediatamente dichos enlaces. Cualquier uso de las p\u00e1ginas externas enlazadas corre por cuenta y riesgo del usuario.<\/span><\/p><p><em><strong>Derechos de autor<\/strong><\/em><\/p><p><span style=\"font-weight: 400;\">Los contenidos y obras creados por los operadores del sitio en estas p\u00e1ginas est\u00e1n protegidos por derechos de autor. La reproducci\u00f3n, edici\u00f3n, distribuci\u00f3n o cualquier tipo de uso fuera de los l\u00edmites de los derechos de autor requieren el consentimiento por escrito del autor o creador respectivo. Las descargas y copias de este sitio son exclusivamente para uso privado y no comercial. Si el contenido de este sitio no ha sido creado por el operador, se respetan los derechos de autor de terceros. En particular, los contenidos de terceros est\u00e1n marcados como tales. No obstante, si detecta una infracci\u00f3n de los derechos de autor, le rogamos que nos lo comunique. Si se confirma una infracci\u00f3n, retiraremos inmediatamente dicho contenido.<\/span><\/p><p><em><strong>Protecci\u00f3n de datos<\/strong><\/em><\/p><p><span style=\"font-weight: 400;\">Para m\u00e1s informaci\u00f3n sobre c\u00f3mo tratamos sus datos personales, consulte nuestra Pol\u00edtica de privacidad.<\/span><\/p><p><span style=\"font-weight: 400;\">Si accede a este sitio desde fuera de las jurisdicciones de la Uni\u00f3n Europea, usted es responsable de garantizar el cumplimiento de las leyes locales aplicables en su lugar de residencia.<br \/><br \/><\/span><\/p><p><span style=\"font-weight: 400;\">Nuestro tratamiento de datos personales cumple el Reglamento General de Protecci\u00f3n de Datos (RGPD) para los ciudadanos de la UE, as\u00ed como otras leyes locales pertinentes cuando proceda.<\/span><\/p>\t\t\t\t\t\t\t\t<\/div>\n\t\t\t\t<\/div>\n\t\t\t\t\t<\/div>\n\t\t\t\t<\/div>\n\t\t\t\t<\/div>","protected":false},"excerpt":{"rendered":"<p>Imprint Legal information according to \u00a7 5 TMG (Germany), including GDPR. Website operator: Terra Utopia e. V.\u00a0 Bruchstra\u00dfe 16 66119 Saarbr\u00fccken\u00a0 Contact Phone: +49 (0) 1638736419\u00a0 E-mail: admin@terra-utopia.com Website: www.terra-utopia.com Please write to us at \u00a0admin@terra-utopia.com. We will do our best to respond in a timely manner, considering our capacity as a small team without [&hellip;]<\/p>\n","protected":false},"author":1,"featured_media":0,"parent":0,"menu_order":0,"comment_status":"closed","ping_status":"closed","template":"","meta":{"site-sidebar-layout":"no-sidebar","site-content-layout":"page-builder","ast-site-content-layout":"full-width-container","site-content-style":"default","site-sidebar-style":"default","ast-global-header-display":"","ast-banner-title-visibility":"","ast-main-header-display":"","ast-hfb-above-header-display":"","ast-hfb-below-header-display":"","ast-hfb-mobile-header-display":"","site-post-title":"disabled","ast-breadcrumbs-content":"","ast-featured-img":"disabled","footer-sml-layout":"","ast-disable-related-posts":"","theme-transparent-header-meta":"","adv-header-id-meta":"","stick-header-meta":"","header-above-stick-meta":"","header-main-stick-meta":"","header-below-stick-meta":"","astra-migrate-meta-layouts":"set","ast-page-background-enabled":"default","ast-page-background-meta":{"desktop":{"background-color":"","background-image":"","background-repeat":"repeat","background-position":"center center","background-size":"auto","background-attachment":"scroll","background-type":"","background-media":"","overlay-type":"","overlay-color":"","overlay-opacity":"","overlay-gradient":""},"tablet":{"background-color":"","background-image":"","background-repeat":"repeat","background-position":"center center","background-size":"auto","background-attachment":"scroll","background-type":"","background-media":"","overlay-type":"","overlay-color":"","overlay-opacity":"","overlay-gradient":""},"mobile":{"background-color":"","background-image":"","background-repeat":"repeat","background-position":"center center","background-size":"auto","background-attachment":"scroll","background-type":"","background-media":"","overlay-type":"","overlay-color":"","overlay-opacity":"","overlay-gradient":""}},"ast-content-background-meta":{"desktop":{"background-color":"var(--ast-global-color-5)","background-image":"","background-repeat":"repeat","background-position":"center center","background-size":"auto","background-attachment":"scroll","background-type":"","background-media":"","overlay-type":"","overlay-color":"","overlay-opacity":"","overlay-gradient":""},"tablet":{"background-color":"var(--ast-global-color-5)","background-image":"","background-repeat":"repeat","background-position":"center center","background-size":"auto","background-attachment":"scroll","background-type":"","background-media":"","overlay-type":"","overlay-color":"","overlay-opacity":"","overlay-gradient":""},"mobile":{"background-color":"var(--ast-global-color-5)","background-image":"","background-repeat":"repeat","background-position":"center center","background-size":"auto","background-attachment":"scroll","background-type":"","background-media":"","overlay-type":"","overlay-color":"","overlay-opacity":"","overlay-gradient":""}},"footnotes":""},"class_list":["post-1182","page","type-page","status-publish","hentry"],"yoast_head":"<!-- This site is optimized with the Yoast SEO plugin v27.3 - https:\/\/yoast.com\/product\/yoast-seo-wordpress\/ -->\n<title>Imprint - terra utopia<\/title>\n<meta name=\"robots\" content=\"index, follow, max-snippet:-1, max-image-preview:large, max-video-preview:-1\" \/>\n<link rel=\"canonical\" href=\"https:\/\/terra-utopia.com\/es\/imprint\/\" \/>\n<meta property=\"og:locale\" content=\"es_ES\" \/>\n<meta property=\"og:type\" content=\"article\" \/>\n<meta property=\"og:title\" content=\"Imprint - terra utopia\" \/>\n<meta property=\"og:description\" content=\"Imprint Legal information according to \u00a7 5 TMG (Germany), including GDPR. Website operator: Terra Utopia e. V.\u00a0 Bruchstra\u00dfe 16 66119 Saarbr\u00fccken\u00a0 Contact Phone: +49 (0) 1638736419\u00a0 E-mail: admin@terra-utopia.com Website: www.terra-utopia.com Please write to us at \u00a0admin@terra-utopia.com. We will do our best to respond in a timely manner, considering our capacity as a small team without [&hellip;]\" \/>\n<meta property=\"og:url\" content=\"https:\/\/terra-utopia.com\/es\/imprint\/\" \/>\n<meta property=\"og:site_name\" content=\"terra utopia\" \/>\n<meta property=\"article:publisher\" content=\"https:\/\/www.facebook.com\/terrautopiaev\/\" \/>\n<meta property=\"article:modified_time\" content=\"2025-05-14T20:19:22+00:00\" \/>\n<meta name=\"twitter:card\" content=\"summary_large_image\" \/>\n<meta name=\"twitter:label1\" content=\"Tiempo de lectura\" \/>\n\t<meta name=\"twitter:data1\" content=\"3 minutos\" \/>\n<script type=\"application\/ld+json\" class=\"yoast-schema-graph\">{\"@context\":\"https:\\\/\\\/schema.org\",\"@graph\":[{\"@type\":\"WebPage\",\"@id\":\"https:\\\/\\\/terra-utopia.com\\\/imprint\\\/\",\"url\":\"https:\\\/\\\/terra-utopia.com\\\/imprint\\\/\",\"name\":\"Imprint - terra utopia\",\"isPartOf\":{\"@id\":\"https:\\\/\\\/terra-utopia.com\\\/#website\"},\"datePublished\":\"2025-05-14T19:57:48+00:00\",\"dateModified\":\"2025-05-14T20:19:22+00:00\",\"breadcrumb\":{\"@id\":\"https:\\\/\\\/terra-utopia.com\\\/imprint\\\/#breadcrumb\"},\"inLanguage\":\"es\",\"potentialAction\":[{\"@type\":\"ReadAction\",\"target\":[\"https:\\\/\\\/terra-utopia.com\\\/imprint\\\/\"]}]},{\"@type\":\"BreadcrumbList\",\"@id\":\"https:\\\/\\\/terra-utopia.com\\\/imprint\\\/#breadcrumb\",\"itemListElement\":[{\"@type\":\"ListItem\",\"position\":1,\"name\":\"Portada\",\"item\":\"https:\\\/\\\/terra-utopia.com\\\/\"},{\"@type\":\"ListItem\",\"position\":2,\"name\":\"Imprint\"}]},{\"@type\":\"WebSite\",\"@id\":\"https:\\\/\\\/terra-utopia.com\\\/#website\",\"url\":\"https:\\\/\\\/terra-utopia.com\\\/\",\"name\":\"terra utopia\",\"description\":\"\",\"publisher\":{\"@id\":\"https:\\\/\\\/terra-utopia.com\\\/#organization\"},\"potentialAction\":[{\"@type\":\"SearchAction\",\"target\":{\"@type\":\"EntryPoint\",\"urlTemplate\":\"https:\\\/\\\/terra-utopia.com\\\/?s={search_term_string}\"},\"query-input\":{\"@type\":\"PropertyValueSpecification\",\"valueRequired\":true,\"valueName\":\"search_term_string\"}}],\"inLanguage\":\"es\"},{\"@type\":\"Organization\",\"@id\":\"https:\\\/\\\/terra-utopia.com\\\/#organization\",\"name\":\"terra utopia\",\"url\":\"https:\\\/\\\/terra-utopia.com\\\/\",\"logo\":{\"@type\":\"ImageObject\",\"inLanguage\":\"es\",\"@id\":\"https:\\\/\\\/terra-utopia.com\\\/#\\\/schema\\\/logo\\\/image\\\/\",\"url\":\"https:\\\/\\\/terra-utopia.com\\\/wp-content\\\/uploads\\\/2025\\\/04\\\/logo-negro-TU.png\",\"contentUrl\":\"https:\\\/\\\/terra-utopia.com\\\/wp-content\\\/uploads\\\/2025\\\/04\\\/logo-negro-TU.png\",\"width\":1751,\"height\":832,\"caption\":\"terra utopia\"},\"image\":{\"@id\":\"https:\\\/\\\/terra-utopia.com\\\/#\\\/schema\\\/logo\\\/image\\\/\"},\"sameAs\":[\"https:\\\/\\\/www.facebook.com\\\/terrautopiaev\\\/\",\"https:\\\/\\\/www.instagram.com\\\/terra_utopia\"]}]}<\/script>\n<!-- \/ Yoast SEO plugin. -->","yoast_head_json":{"title":"Imprint - terra utopia","robots":{"index":"index","follow":"follow","max-snippet":"max-snippet:-1","max-image-preview":"max-image-preview:large","max-video-preview":"max-video-preview:-1"},"canonical":"https:\/\/terra-utopia.com\/es\/imprint\/","og_locale":"es_ES","og_type":"article","og_title":"Imprint - terra utopia","og_description":"Imprint Legal information according to \u00a7 5 TMG (Germany), including GDPR. Website operator: Terra Utopia e. V.\u00a0 Bruchstra\u00dfe 16 66119 Saarbr\u00fccken\u00a0 Contact Phone: +49 (0) 1638736419\u00a0 E-mail: admin@terra-utopia.com Website: www.terra-utopia.com Please write to us at \u00a0admin@terra-utopia.com. We will do our best to respond in a timely manner, considering our capacity as a small team without [&hellip;]","og_url":"https:\/\/terra-utopia.com\/es\/imprint\/","og_site_name":"terra utopia","article_publisher":"https:\/\/www.facebook.com\/terrautopiaev\/","article_modified_time":"2025-05-14T20:19:22+00:00","twitter_card":"summary_large_image","twitter_misc":{"Tiempo de lectura":"3 minutos"},"schema":{"@context":"https:\/\/schema.org","@graph":[{"@type":"WebPage","@id":"https:\/\/terra-utopia.com\/imprint\/","url":"https:\/\/terra-utopia.com\/imprint\/","name":"Imprint - terra utopia","isPartOf":{"@id":"https:\/\/terra-utopia.com\/#website"},"datePublished":"2025-05-14T19:57:48+00:00","dateModified":"2025-05-14T20:19:22+00:00","breadcrumb":{"@id":"https:\/\/terra-utopia.com\/imprint\/#breadcrumb"},"inLanguage":"es","potentialAction":[{"@type":"ReadAction","target":["https:\/\/terra-utopia.com\/imprint\/"]}]},{"@type":"BreadcrumbList","@id":"https:\/\/terra-utopia.com\/imprint\/#breadcrumb","itemListElement":[{"@type":"ListItem","position":1,"name":"Portada","item":"https:\/\/terra-utopia.com\/"},{"@type":"ListItem","position":2,"name":"Imprint"}]},{"@type":"WebSite","@id":"https:\/\/terra-utopia.com\/#website","url":"https:\/\/terra-utopia.com\/","name":"terra utopia","description":"","publisher":{"@id":"https:\/\/terra-utopia.com\/#organization"},"potentialAction":[{"@type":"SearchAction","target":{"@type":"EntryPoint","urlTemplate":"https:\/\/terra-utopia.com\/?s={search_term_string}"},"query-input":{"@type":"PropertyValueSpecification","valueRequired":true,"valueName":"search_term_string"}}],"inLanguage":"es"},{"@type":"Organization","@id":"https:\/\/terra-utopia.com\/#organization","name":"terra utopia","url":"https:\/\/terra-utopia.com\/","logo":{"@type":"ImageObject","inLanguage":"es","@id":"https:\/\/terra-utopia.com\/#\/schema\/logo\/image\/","url":"https:\/\/terra-utopia.com\/wp-content\/uploads\/2025\/04\/logo-negro-TU.png","contentUrl":"https:\/\/terra-utopia.com\/wp-content\/uploads\/2025\/04\/logo-negro-TU.png","width":1751,"height":832,"caption":"terra utopia"},"image":{"@id":"https:\/\/terra-utopia.com\/#\/schema\/logo\/image\/"},"sameAs":["https:\/\/www.facebook.com\/terrautopiaev\/","https:\/\/www.instagram.com\/terra_utopia"]}]}},"_links":{"self":[{"href":"https:\/\/terra-utopia.com\/es\/wp-json\/wp\/v2\/pages\/1182","targetHints":{"allow":["GET"]}}],"collection":[{"href":"https:\/\/terra-utopia.com\/es\/wp-json\/wp\/v2\/pages"}],"about":[{"href":"https:\/\/terra-utopia.com\/es\/wp-json\/wp\/v2\/types\/page"}],"author":[{"embeddable":true,"href":"https:\/\/terra-utopia.com\/es\/wp-json\/wp\/v2\/users\/1"}],"replies":[{"embeddable":true,"href":"https:\/\/terra-utopia.com\/es\/wp-json\/wp\/v2\/comments?post=1182"}],"version-history":[{"count":34,"href":"https:\/\/terra-utopia.com\/es\/wp-json\/wp\/v2\/pages\/1182\/revisions"}],"predecessor-version":[{"id":1217,"href":"https:\/\/terra-utopia.com\/es\/wp-json\/wp\/v2\/pages\/1182\/revisions\/1217"}],"wp:attachment":[{"href":"https:\/\/terra-utopia.com\/es\/wp-json\/wp\/v2\/media?parent=1182"}],"curies":[{"name":"wp","href":"https:\/\/api.w.org\/{rel}","templated":true}]}}